{"id":17657,"date":"2020-12-09T11:56:51","date_gmt":"2020-12-09T10:56:51","guid":{"rendered":"https:\/\/laudiocomercial.com\/?page_id=17657"},"modified":"2023-04-13T16:12:06","modified_gmt":"2023-04-13T14:12:06","slug":"somos-tu-comercio","status":"publish","type":"page","link":"https:\/\/laudiocomercial.com\/es\/somos-tu-comercio\/","title":{"rendered":"Somos tu comercio"},"content":{"rendered":"<section class=\"wpb-content-wrapper\"><p>[vc_row css_animation=\u00bb\u00bb row_type=\u00bbrow\u00bb use_row_as_full_screen_section=\u00bbno\u00bb type=\u00bbgrid\u00bb angled_section=\u00bbno\u00bb text_align=\u00bbleft\u00bb background_image_as_pattern=\u00bbwithout_pattern\u00bb z_index=\u00bb\u00bb][vc_column][vc_column_text]<\/p>\n<h1>Presentamos \u00ab<em>Somos Tu Comercio Laudio\u00bb<\/em><\/h1>\n<p>[\/vc_column_text][vc_separator type=\u00bbtransparent\u00bb up=\u00bb20&#8243; down=\u00bb20&#8243;][vc_row_inner row_type=\u00bbrow\u00bb type=\u00bbfull_width\u00bb text_align=\u00bbleft\u00bb css_animation=\u00bb\u00bb][vc_column_inner width=\u00bb2\/3&#8243;][vc_column_text]<\/p>\n<p class=\"p1\">Desde APILL siempre hemos trabajado para tener una oferta comercial y de servicios completa en nuestro pueblo. Un conjunto de comercios de calidad, con variedad de producto y servicios y que permita a nuestros vecinos realizar sus compras sin tener que desplazarse a otros lugares.<\/p>\n<p>&nbsp;<\/p>\n<p class=\"p1\"><b>El establecimiento f\u00edsico siempre ha sido nuestra prioridad.<\/b> El comercio, la hosteler\u00eda y los servicios son los que dan vida a nuestro pueblo, ahora m\u00e1s que nunca nos podemos dar cuenta de ello.<span class=\"Apple-converted-space\">\u00a0 <\/span>De hecho, esta mezcla es la que hace que Laudio sea m\u00e1s atractivo para todos, vecinos y visitantes de nuestra comarca.<\/p>\n<p>&nbsp;<\/p>\n<p class=\"p1\">Por otro lado, tambi\u00e9n pensamos que es el momento de abrirnos a nuevos canales de venta y adaptarnos a las nuevas demandas del consumidor. Creemos que es el momento de crecer y apostar por la venta online.<\/p>\n<p>&nbsp;<\/p>\n<p class=\"p1\"><b>La idea es replicar nuestro Centro Comercial a Cielo Abierto que forma el conjunto de nuestro sector terciario de Llodio en un Centro Comercial Virtual.<\/b><\/p>\n<p>&nbsp;<\/p>\n<p class=\"p1\">Gracias a la colaboraci\u00f3n p\u00fablico-privada en la que participan APILL, el Ayuntamiento de Llodio y la Caja Rural de Navarra se ha puesto en marcha esta plataforma de venta online para el comercio de Llodio.<\/p>\n<p>&nbsp;<\/p>\n<p class=\"p1\">Esta herramienta es nuevo paso a la digitalizaci\u00f3n y modernizaci\u00f3n de nuestro comercio, y a la vez <b>un servicio a\u00f1adido para nuestros clientes, ofreciendo la posibilidad de realizar las compras desde cualquier lugar y recibirlas en su domicilio.<\/b><\/p>\n<p>[\/vc_column_text][vc_separator type=\u00bbtransparent\u00bb][vc_column_text]<\/p>\n<h3><a href=\"https:\/\/www.somostucomercio.com\/laudiocomercial\/comprar\" target=\"_blank\" rel=\"noopener\">Visitar web<\/a><\/h3>\n<p>[\/vc_column_text][\/vc_column_inner][vc_column_inner width=\u00bb1\/3&#8243;][vc_single_image image=\u00bb17681&#8243; img_size=\u00bbfull\u00bb alignment=\u00bbcenter\u00bb qode_css_animation=\u00bb\u00bb][\/vc_column_inner][\/vc_row_inner][vc_separator type=\u00bbtransparent\u00bb up=\u00bb20&#8243; down=\u00bb20&#8243;][\/vc_column][\/vc_row][vc_column][\/vc_column][vc_column][\/vc_column][vc_column][\/vc_column][vc_column][\/vc_column][vc_column][\/vc_column][vc_column][\/vc_column][vc_row css_animation=\u00bb\u00bb row_type=\u00bbrow\u00bb use_row_as_full_screen_section=\u00bbno\u00bb type=\u00bbgrid\u00bb angled_section=\u00bbno\u00bb text_align=\u00bbleft\u00bb background_image_as_pattern=\u00bbwithout_pattern\u00bb z_index=\u00bb\u00bb][vc_column][vc_video link=\u00bbhttps:\/\/youtu.be\/0XOEBqeXEJk\u00bb][vc_separator type=\u00bbtransparent\u00bb up=\u00bb20&#8243; down=\u00bb20&#8243;][\/vc_column][\/vc_row]<\/p>\n<\/section>","protected":false},"excerpt":{"rendered":"<p>[vc_row css_animation=\u00bb\u00bb row_type=\u00bbrow\u00bb use_row_as_full_screen_section=\u00bbno\u00bb type=\u00bbgrid\u00bb angled_section=\u00bbno\u00bb text_align=\u00bbleft\u00bb background_image_as_pattern=\u00bbwithout_pattern\u00bb z_index=\u00bb\u00bb][vc_column][vc_column_text] Presentamos \u00abSomos Tu Comercio Laudio\u00bb [\/vc_column_text][vc_separator type=\u00bbtransparent\u00bb up=\u00bb20&#8243; down=\u00bb20&#8243;][vc_row_inner row_type=\u00bbrow\u00bb type=\u00bbfull_width\u00bb text_align=\u00bbleft\u00bb css_animation=\u00bb\u00bb][vc_column_inner width=\u00bb2\/3&#8243;][vc_column_text] Desde APILL&#8230;<\/p>\n","protected":false},"author":4,"featured_media":0,"parent":0,"menu_order":0,"comment_status":"closed","ping_status":"closed","template":"full_width.php","meta":{"_themeisle_gutenberg_block_has_review":false},"yoast_head":"<!-- This site is optimized with the Yoast SEO plugin v20.2.1 - https:\/\/yoast.com\/wordpress\/plugins\/seo\/ -->\n<title>Somos tu comercio - Apill | Llodio<\/title>\n<meta name=\"robots\" content=\"index, follow, max-snippet:-1, max-image-preview:large, max-video-preview:-1\" \/>\n<link rel=\"canonical\" href=\"https:\/\/laudiocomercial.com\/somos-tu-comercio\/\" \/>\n<meta property=\"og:locale\" content=\"es_ES\" \/>\n<meta property=\"og:type\" content=\"article\" \/>\n<meta property=\"og:title\" content=\"Somos tu comercio - Apill | Llodio\" \/>\n<meta property=\"og:description\" content=\"[vc_row css_animation=\u00bb\u00bb row_type=\u00bbrow\u00bb use_row_as_full_screen_section=\u00bbno\u00bb type=\u00bbgrid\u00bb angled_section=\u00bbno\u00bb text_align=\u00bbleft\u00bb background_image_as_pattern=\u00bbwithout_pattern\u00bb z_index=\u00bb\u00bb][vc_column][vc_column_text] Presentamos \u00abSomos Tu Comercio Laudio\u00bb [\/vc_column_text][vc_separator type=\u00bbtransparent\u00bb up=\u00bb20&#8243; down=\u00bb20&#8243;][vc_row_inner row_type=\u00bbrow\u00bb type=\u00bbfull_width\u00bb text_align=\u00bbleft\u00bb css_animation=\u00bb\u00bb][vc_column_inner width=\u00bb2\/3&#8243;][vc_column_text] Desde APILL...\" \/>\n<meta property=\"og:url\" content=\"https:\/\/laudiocomercial.com\/somos-tu-comercio\/\" \/>\n<meta property=\"og:site_name\" content=\"Apill | Llodio\" \/>\n<meta property=\"article:modified_time\" content=\"2023-04-13T14:12:06+00:00\" \/>\n<meta name=\"twitter:label1\" content=\"Tiempo de lectura\" \/>\n\t<meta name=\"twitter:data1\" content=\"1 minuto\" \/>\n<script type=\"application\/ld+json\" class=\"yoast-schema-graph\">{\"@context\":\"https:\/\/schema.org\",\"@graph\":[{\"@type\":\"WebPage\",\"@id\":\"https:\/\/laudiocomercial.com\/somos-tu-comercio\/\",\"url\":\"https:\/\/laudiocomercial.com\/somos-tu-comercio\/\",\"name\":\"Somos tu comercio - Apill | Llodio\",\"isPartOf\":{\"@id\":\"https:\/\/laudiocomercial.com\/#website\"},\"datePublished\":\"2020-12-09T10:56:51+00:00\",\"dateModified\":\"2023-04-13T14:12:06+00:00\",\"breadcrumb\":{\"@id\":\"https:\/\/laudiocomercial.com\/somos-tu-comercio\/#breadcrumb\"},\"inLanguage\":\"es\",\"potentialAction\":[{\"@type\":\"ReadAction\",\"target\":[\"https:\/\/laudiocomercial.com\/somos-tu-comercio\/\"]}]},{\"@type\":\"BreadcrumbList\",\"@id\":\"https:\/\/laudiocomercial.com\/somos-tu-comercio\/#breadcrumb\",\"itemListElement\":[{\"@type\":\"ListItem\",\"position\":1,\"name\":\"Portada\",\"item\":\"https:\/\/laudiocomercial.com\/\"},{\"@type\":\"ListItem\",\"position\":2,\"name\":\"Somos tu comercio\"}]},{\"@type\":\"WebSite\",\"@id\":\"https:\/\/laudiocomercial.com\/#website\",\"url\":\"https:\/\/laudiocomercial.com\/\",\"name\":\"Apill | Llodio\",\"description\":\"Comercio y Ocio\",\"potentialAction\":[{\"@type\":\"SearchAction\",\"target\":{\"@type\":\"EntryPoint\",\"urlTemplate\":\"https:\/\/laudiocomercial.com\/?s={search_term_string}\"},\"query-input\":\"required name=search_term_string\"}],\"inLanguage\":\"es\"}]}<\/script>\n<!-- \/ Yoast SEO plugin. -->","yoast_head_json":{"title":"Somos tu comercio - Apill | Llodio","robots":{"index":"index","follow":"follow","max-snippet":"max-snippet:-1","max-image-preview":"max-image-preview:large","max-video-preview":"max-video-preview:-1"},"canonical":"https:\/\/laudiocomercial.com\/somos-tu-comercio\/","og_locale":"es_ES","og_type":"article","og_title":"Somos tu comercio - Apill | Llodio","og_description":"[vc_row css_animation=\u00bb\u00bb row_type=\u00bbrow\u00bb use_row_as_full_screen_section=\u00bbno\u00bb type=\u00bbgrid\u00bb angled_section=\u00bbno\u00bb text_align=\u00bbleft\u00bb background_image_as_pattern=\u00bbwithout_pattern\u00bb z_index=\u00bb\u00bb][vc_column][vc_column_text] Presentamos \u00abSomos Tu Comercio Laudio\u00bb [\/vc_column_text][vc_separator type=\u00bbtransparent\u00bb up=\u00bb20&#8243; down=\u00bb20&#8243;][vc_row_inner row_type=\u00bbrow\u00bb type=\u00bbfull_width\u00bb text_align=\u00bbleft\u00bb css_animation=\u00bb\u00bb][vc_column_inner width=\u00bb2\/3&#8243;][vc_column_text] Desde APILL...","og_url":"https:\/\/laudiocomercial.com\/somos-tu-comercio\/","og_site_name":"Apill | Llodio","article_modified_time":"2023-04-13T14:12:06+00:00","twitter_misc":{"Tiempo de lectura":"1 minuto"},"schema":{"@context":"https:\/\/schema.org","@graph":[{"@type":"WebPage","@id":"https:\/\/laudiocomercial.com\/somos-tu-comercio\/","url":"https:\/\/laudiocomercial.com\/somos-tu-comercio\/","name":"Somos tu comercio - Apill | Llodio","isPartOf":{"@id":"https:\/\/laudiocomercial.com\/#website"},"datePublished":"2020-12-09T10:56:51+00:00","dateModified":"2023-04-13T14:12:06+00:00","breadcrumb":{"@id":"https:\/\/laudiocomercial.com\/somos-tu-comercio\/#breadcrumb"},"inLanguage":"es","potentialAction":[{"@type":"ReadAction","target":["https:\/\/laudiocomercial.com\/somos-tu-comercio\/"]}]},{"@type":"BreadcrumbList","@id":"https:\/\/laudiocomercial.com\/somos-tu-comercio\/#breadcrumb","itemListElement":[{"@type":"ListItem","position":1,"name":"Portada","item":"https:\/\/laudiocomercial.com\/"},{"@type":"ListItem","position":2,"name":"Somos tu comercio"}]},{"@type":"WebSite","@id":"https:\/\/laudiocomercial.com\/#website","url":"https:\/\/laudiocomercial.com\/","name":"Apill | Llodio","description":"Comercio y Ocio","potentialAction":[{"@type":"SearchAction","target":{"@type":"EntryPoint","urlTemplate":"https:\/\/laudiocomercial.com\/?s={search_term_string}"},"query-input":"required name=search_term_string"}],"inLanguage":"es"}]}},"_links":{"self":[{"href":"https:\/\/laudiocomercial.com\/es\/wp-json\/wp\/v2\/pages\/17657"}],"collection":[{"href":"https:\/\/laudiocomercial.com\/es\/wp-json\/wp\/v2\/pages"}],"about":[{"href":"https:\/\/laudiocomercial.com\/es\/wp-json\/wp\/v2\/types\/page"}],"author":[{"embeddable":true,"href":"https:\/\/laudiocomercial.com\/es\/wp-json\/wp\/v2\/users\/4"}],"replies":[{"embeddable":true,"href":"https:\/\/laudiocomercial.com\/es\/wp-json\/wp\/v2\/comments?post=17657"}],"version-history":[{"count":34,"href":"https:\/\/laudiocomercial.com\/es\/wp-json\/wp\/v2\/pages\/17657\/revisions"}],"predecessor-version":[{"id":18460,"href":"https:\/\/laudiocomercial.com\/es\/wp-json\/wp\/v2\/pages\/17657\/revisions\/18460"}],"wp:attachment":[{"href":"https:\/\/laudiocomercial.com\/es\/wp-json\/wp\/v2\/media?parent=17657"}],"curies":[{"name":"wp","href":"https:\/\/api.w.org\/{rel}","templated":true}]}}