{"id":18319,"date":"2023-03-07T12:07:41","date_gmt":"2023-03-07T11:07:41","guid":{"rendered":"https:\/\/laudiocomercial.com\/?page_id=18319"},"modified":"2023-03-07T16:10:53","modified_gmt":"2023-03-07T15:10:53","slug":"otc","status":"publish","type":"page","link":"https:\/\/laudiocomercial.com\/es\/otc\/","title":{"rendered":"Oficina T\u00e9cnica de Comercio de Llodio"},"content":{"rendered":"<section class=\"wpb-content-wrapper\"><p>[vc_row css_animation=\u00bb\u00bb row_type=\u00bbrow\u00bb use_row_as_full_screen_section=\u00bbno\u00bb type=\u00bbgrid\u00bb angled_section=\u00bbno\u00bb text_align=\u00bbleft\u00bb background_image_as_pattern=\u00bbwithout_pattern\u00bb padding_bottom=\u00bb50&#8243; z_index=\u00bb\u00bb padding_top=\u00bb50&#8243;][vc_column width=\u00bb1\/4&#8243;]<span data-type=\"normal\"  class=\"qode_icon_shortcode  q_font_awsome_icon fa-5x pull-center \" style=\"margin: 0 0 50 0; \"><i class=\"qode_icon_font_awesome fa fa-info-circle qode_icon_element\" style=\"color: #011f43;\" ><\/i><\/span>[\/vc_column][vc_column width=\u00bb3\/4&#8243;][vc_column_text]La Oficina T\u00e9cnica de Comercio es un <strong>servicio gratuito<\/strong> que ofrece asesoramiento y servicio de asistencia t\u00e9cnica a todos los comercios y a las asociaciones de Llodio, Ordu\u00f1a y Valle de Ayala, que cuenta con la cofinanciaci\u00f3n del Departamento de Turismo, Comercio y Consumo de Gobierno Vasco.[\/vc_column_text][\/vc_column][\/vc_row][vc_row css_animation=\u00bb\u00bb row_type=\u00bbrow\u00bb use_row_as_full_screen_section=\u00bbno\u00bb type=\u00bbgrid\u00bb angled_section=\u00bbno\u00bb text_align=\u00bbleft\u00bb background_image_as_pattern=\u00bbwithout_pattern\u00bb padding_top=\u00bb40&#8243; css=\u00bb.vc_custom_1678187930650{background-color: #ffffff !important;}\u00bb z_index=\u00bb\u00bb][vc_column][vc_column_text]<\/p>\n<h3 style=\"text-align: left;\"><strong>L\u00cdNEAS DE ACTUACI\u00d3N<\/strong><\/h3>\n<p>[\/vc_column_text][vc_separator type=\u00bbsmall\u00bb position=\u00bbleft\u00bb color=\u00bb#82ba61&#8243; down=\u00bb30&#8243;][\/vc_column][\/vc_row][vc_row css_animation=\u00bb\u00bb row_type=\u00bbrow\u00bb use_row_as_full_screen_section=\u00bbno\u00bb type=\u00bbgrid\u00bb angled_section=\u00bbno\u00bb text_align=\u00bbleft\u00bb background_image_as_pattern=\u00bbwithout_pattern\u00bb padding_bottom=\u00bb50&#8243; css=\u00bb.vc_custom_1678187937029{background-color: #ffffff !important;}\u00bb z_index=\u00bb\u00bb][vc_column][vc_column_text]<\/p>\n<ul>\n<li>Sensibilizaci\u00f3n e impulso de procesos de transformaci\u00f3n digital.<\/li>\n<li>Sensibilizaci\u00f3n e impulso de procesos relacionados con la innovaci\u00f3n.<\/li>\n<li>Sensibilizaci\u00f3n e impulso de procesos relacionados con la calidad en la gesti\u00f3n.<\/li>\n<li>Impulso de procesos de cooperaci\u00f3n horizontal (en entornos urbanos).<\/li>\n<li>Impulso de procesos de cooperaci\u00f3n vertical (en la cadena de distribuci\u00f3n).<\/li>\n<li>Seguimiento e impulso de procesos de emprendizaje y transmisi\u00f3n empresarial.<\/li>\n<li>Impulso de estrategias de terciario a nivel municipal y\/o comarcal (hosteler\u00eda, servicios, cultura, patrimonio y otros sectores).<\/li>\n<li>Desarrollo de acciones generadoras de valor a\u00f1adido para el p\u00fablico consumidor y de fidelizaci\u00f3n del p\u00fablico objetivo.<\/li>\n<li>Desarrollo de estrategias vinculadas con un desarrollo sostenible.<\/li>\n<\/ul>\n<p>[\/vc_column_text][\/vc_column][\/vc_row][vc_row css_animation=\u00bb\u00bb row_type=\u00bbrow\u00bb use_row_as_full_screen_section=\u00bbno\u00bb type=\u00bbgrid\u00bb angled_section=\u00bbno\u00bb text_align=\u00bbleft\u00bb background_image_as_pattern=\u00bbwithout_pattern\u00bb padding_top=\u00bb50&#8243; padding_bottom=\u00bb25&#8243;][vc_column][vc_column_text]<\/p>\n<h3 style=\"text-align: left;\"><strong>SERVICIOS<\/strong><\/h3>\n<p>[\/vc_column_text][vc_separator type=\u00bbsmall\u00bb position=\u00bbleft\u00bb color=\u00bb#82ba61&#8243; down=\u00bb30&#8243;][\/vc_column][\/vc_row][vc_row css_animation=\u00bb\u00bb row_type=\u00bbrow\u00bb use_row_as_full_screen_section=\u00bbno\u00bb type=\u00bbgrid\u00bb angled_section=\u00bbno\u00bb text_align=\u00bbleft\u00bb background_image_as_pattern=\u00bbwithout_pattern\u00bb padding_bottom=\u00bb50&#8243;][vc_column][vc_column_text]<\/p>\n<ul>\n<li>Informaci\u00f3n, difusi\u00f3n, asesoramiento y apoyo en la tramitaci\u00f3n de ayudas, rebajas, liquidaciones, etc.<\/li>\n<li>Atenci\u00f3n de consultas e informaci\u00f3n sobre la normativa vigente.<\/li>\n<li>Formaci\u00f3n y apoyo a la digitalizaci\u00f3n y mejora de la gesti\u00f3n en el sector comercial.<\/li>\n<li>Apoyo a la dinamizaci\u00f3n y animaci\u00f3n comercial.<\/li>\n<li>Difusi\u00f3n y aplicaci\u00f3n de las pol\u00edticas institucionales desarrolladas para el comercio.<\/li>\n<li>Cooperaci\u00f3n con las diferentes entidades y asociaciones para impulsar el comercio local.<\/li>\n<li>An\u00e1lisis, estudios y desarrollo del Observatorio de comercio local.<\/li>\n<\/ul>\n<p>[\/vc_column_text][\/vc_column][\/vc_row][vc_row css_animation=\u00bb\u00bb row_type=\u00bbrow\u00bb use_row_as_full_screen_section=\u00bbno\u00bb type=\u00bbgrid\u00bb angled_section=\u00bbno\u00bb text_align=\u00bbleft\u00bb background_image_as_pattern=\u00bbwithout_pattern\u00bb padding_top=\u00bb40&#8243; css=\u00bb.vc_custom_1678187930650{background-color: #ffffff !important;}\u00bb z_index=\u00bb\u00bb][vc_column][vc_column_text]<\/p>\n<h3 style=\"text-align: left;\"><strong>CONTACTO<\/strong><\/h3>\n<p>[\/vc_column_text][vc_separator type=\u00bbsmall\u00bb position=\u00bbleft\u00bb color=\u00bb#82ba61&#8243; down=\u00bb30&#8243;][\/vc_column][\/vc_row][vc_row css_animation=\u00bb\u00bb row_type=\u00bbrow\u00bb use_row_as_full_screen_section=\u00bbno\u00bb type=\u00bbgrid\u00bb angled_section=\u00bbno\u00bb text_align=\u00bbleft\u00bb background_image_as_pattern=\u00bbwithout_pattern\u00bb padding_bottom=\u00bb80&#8243; css=\u00bb.vc_custom_1678188791564{background-color: #ffffff !important;}\u00bb z_index=\u00bb\u00bb][vc_column][vc_column_text]<strong>OTC &#8211; Oficina T\u00e9cnica de Comercio de Llodio<\/strong><\/p>\n<p><strong>Tel\u00e9fono: 94 672 28 01<\/strong><\/p>\n<p><strong>Mail: gatc@laudiocomercial.com<\/strong>[\/vc_column_text][\/vc_column][\/vc_row][vc_row css_animation=\u00bb\u00bb row_type=\u00bbrow\u00bb use_row_as_full_screen_section=\u00bbno\u00bb type=\u00bbgrid\u00bb angled_section=\u00bbno\u00bb text_align=\u00bbleft\u00bb background_image_as_pattern=\u00bbwithout_pattern\u00bb padding_bottom=\u00bb50&#8243; css=\u00bb.vc_custom_1678187937029{background-color: #ffffff !important;}\u00bb z_index=\u00bb\u00bb][vc_column width=\u00bb1\/2&#8243;][vc_single_image image=\u00bb18336&#8243; img_size=\u00bbmedium\u00bb alignment=\u00bbcenter\u00bb qode_css_animation=\u00bb\u00bb css=\u00bb.vc_custom_1678188907285{margin-top: 20px !important;margin-bottom: 20px !important;}\u00bb][\/vc_column][vc_column width=\u00bb1\/2&#8243;][vc_single_image image=\u00bb18341&#8243; img_size=\u00bblarge\u00bb alignment=\u00bbcenter\u00bb qode_css_animation=\u00bb\u00bb css=\u00bb.vc_custom_1678188913889{margin-top: 20px !important;margin-bottom: 20px !important;}\u00bb][\/vc_column][\/vc_row]<\/p>\n<\/section>","protected":false},"excerpt":{"rendered":"<p>[vc_row css_animation=\u00bb\u00bb row_type=\u00bbrow\u00bb use_row_as_full_screen_section=\u00bbno\u00bb type=\u00bbgrid\u00bb angled_section=\u00bbno\u00bb text_align=\u00bbleft\u00bb background_image_as_pattern=\u00bbwithout_pattern\u00bb padding_bottom=\u00bb50&#8243; z_index=\u00bb\u00bb padding_top=\u00bb50&#8243;][vc_column width=\u00bb1\/4&#8243;][\/vc_column][vc_column width=\u00bb3\/4&#8243;][vc_column_text]La Oficina T\u00e9cnica de Comercio es un servicio gratuito que ofrece asesoramiento y&#8230;<\/p>\n","protected":false},"author":4,"featured_media":0,"parent":0,"menu_order":0,"comment_status":"closed","ping_status":"closed","template":"full_width.php","meta":{"_themeisle_gutenberg_block_has_review":false},"yoast_head":"<!-- This site is optimized with the Yoast SEO plugin v20.2.1 - https:\/\/yoast.com\/wordpress\/plugins\/seo\/ -->\n<title>Oficina T\u00e9cnica de Comercio de Llodio - Apill | Llodio<\/title>\n<meta name=\"robots\" content=\"index, follow, max-snippet:-1, max-image-preview:large, max-video-preview:-1\" \/>\n<link rel=\"canonical\" href=\"https:\/\/laudiocomercial.com\/otc\/\" \/>\n<meta property=\"og:locale\" content=\"es_ES\" \/>\n<meta property=\"og:type\" content=\"article\" \/>\n<meta property=\"og:title\" content=\"Oficina T\u00e9cnica de Comercio de Llodio - Apill | Llodio\" \/>\n<meta property=\"og:description\" content=\"[vc_row css_animation=\u00bb\u00bb row_type=\u00bbrow\u00bb use_row_as_full_screen_section=\u00bbno\u00bb type=\u00bbgrid\u00bb angled_section=\u00bbno\u00bb text_align=\u00bbleft\u00bb background_image_as_pattern=\u00bbwithout_pattern\u00bb padding_bottom=\u00bb50&#8243; z_index=\u00bb\u00bb padding_top=\u00bb50&#8243;][vc_column width=\u00bb1\/4&#8243;][\/vc_column][vc_column width=\u00bb3\/4&#8243;][vc_column_text]La Oficina T\u00e9cnica de Comercio es un servicio gratuito que ofrece asesoramiento y...\" \/>\n<meta property=\"og:url\" content=\"https:\/\/laudiocomercial.com\/otc\/\" \/>\n<meta property=\"og:site_name\" content=\"Apill | Llodio\" \/>\n<meta property=\"article:modified_time\" content=\"2023-03-07T15:10:53+00:00\" \/>\n<meta name=\"twitter:label1\" content=\"Tiempo de lectura\" \/>\n\t<meta name=\"twitter:data1\" content=\"2 minutos\" \/>\n<script type=\"application\/ld+json\" class=\"yoast-schema-graph\">{\"@context\":\"https:\/\/schema.org\",\"@graph\":[{\"@type\":\"WebPage\",\"@id\":\"https:\/\/laudiocomercial.com\/otc\/\",\"url\":\"https:\/\/laudiocomercial.com\/otc\/\",\"name\":\"Oficina T\u00e9cnica de Comercio de Llodio - Apill | Llodio\",\"isPartOf\":{\"@id\":\"https:\/\/laudiocomercial.com\/#website\"},\"datePublished\":\"2023-03-07T11:07:41+00:00\",\"dateModified\":\"2023-03-07T15:10:53+00:00\",\"breadcrumb\":{\"@id\":\"https:\/\/laudiocomercial.com\/otc\/#breadcrumb\"},\"inLanguage\":\"es\",\"potentialAction\":[{\"@type\":\"ReadAction\",\"target\":[\"https:\/\/laudiocomercial.com\/otc\/\"]}]},{\"@type\":\"BreadcrumbList\",\"@id\":\"https:\/\/laudiocomercial.com\/otc\/#breadcrumb\",\"itemListElement\":[{\"@type\":\"ListItem\",\"position\":1,\"name\":\"Portada\",\"item\":\"https:\/\/laudiocomercial.com\/\"},{\"@type\":\"ListItem\",\"position\":2,\"name\":\"Oficina T\u00e9cnica de Comercio de Llodio\"}]},{\"@type\":\"WebSite\",\"@id\":\"https:\/\/laudiocomercial.com\/#website\",\"url\":\"https:\/\/laudiocomercial.com\/\",\"name\":\"Apill | Llodio\",\"description\":\"Comercio y Ocio\",\"potentialAction\":[{\"@type\":\"SearchAction\",\"target\":{\"@type\":\"EntryPoint\",\"urlTemplate\":\"https:\/\/laudiocomercial.com\/?s={search_term_string}\"},\"query-input\":\"required name=search_term_string\"}],\"inLanguage\":\"es\"}]}<\/script>\n<!-- \/ Yoast SEO plugin. -->","yoast_head_json":{"title":"Oficina T\u00e9cnica de Comercio de Llodio - Apill | Llodio","robots":{"index":"index","follow":"follow","max-snippet":"max-snippet:-1","max-image-preview":"max-image-preview:large","max-video-preview":"max-video-preview:-1"},"canonical":"https:\/\/laudiocomercial.com\/otc\/","og_locale":"es_ES","og_type":"article","og_title":"Oficina T\u00e9cnica de Comercio de Llodio - Apill | Llodio","og_description":"[vc_row css_animation=\u00bb\u00bb row_type=\u00bbrow\u00bb use_row_as_full_screen_section=\u00bbno\u00bb type=\u00bbgrid\u00bb angled_section=\u00bbno\u00bb text_align=\u00bbleft\u00bb background_image_as_pattern=\u00bbwithout_pattern\u00bb padding_bottom=\u00bb50&#8243; z_index=\u00bb\u00bb padding_top=\u00bb50&#8243;][vc_column width=\u00bb1\/4&#8243;][\/vc_column][vc_column width=\u00bb3\/4&#8243;][vc_column_text]La Oficina T\u00e9cnica de Comercio es un servicio gratuito que ofrece asesoramiento y...","og_url":"https:\/\/laudiocomercial.com\/otc\/","og_site_name":"Apill | Llodio","article_modified_time":"2023-03-07T15:10:53+00:00","twitter_misc":{"Tiempo de lectura":"2 minutos"},"schema":{"@context":"https:\/\/schema.org","@graph":[{"@type":"WebPage","@id":"https:\/\/laudiocomercial.com\/otc\/","url":"https:\/\/laudiocomercial.com\/otc\/","name":"Oficina T\u00e9cnica de Comercio de Llodio - Apill | Llodio","isPartOf":{"@id":"https:\/\/laudiocomercial.com\/#website"},"datePublished":"2023-03-07T11:07:41+00:00","dateModified":"2023-03-07T15:10:53+00:00","breadcrumb":{"@id":"https:\/\/laudiocomercial.com\/otc\/#breadcrumb"},"inLanguage":"es","potentialAction":[{"@type":"ReadAction","target":["https:\/\/laudiocomercial.com\/otc\/"]}]},{"@type":"BreadcrumbList","@id":"https:\/\/laudiocomercial.com\/otc\/#breadcrumb","itemListElement":[{"@type":"ListItem","position":1,"name":"Portada","item":"https:\/\/laudiocomercial.com\/"},{"@type":"ListItem","position":2,"name":"Oficina T\u00e9cnica de Comercio de Llodio"}]},{"@type":"WebSite","@id":"https:\/\/laudiocomercial.com\/#website","url":"https:\/\/laudiocomercial.com\/","name":"Apill | Llodio","description":"Comercio y Ocio","potentialAction":[{"@type":"SearchAction","target":{"@type":"EntryPoint","urlTemplate":"https:\/\/laudiocomercial.com\/?s={search_term_string}"},"query-input":"required name=search_term_string"}],"inLanguage":"es"}]}},"_links":{"self":[{"href":"https:\/\/laudiocomercial.com\/es\/wp-json\/wp\/v2\/pages\/18319"}],"collection":[{"href":"https:\/\/laudiocomercial.com\/es\/wp-json\/wp\/v2\/pages"}],"about":[{"href":"https:\/\/laudiocomercial.com\/es\/wp-json\/wp\/v2\/types\/page"}],"author":[{"embeddable":true,"href":"https:\/\/laudiocomercial.com\/es\/wp-json\/wp\/v2\/users\/4"}],"replies":[{"embeddable":true,"href":"https:\/\/laudiocomercial.com\/es\/wp-json\/wp\/v2\/comments?post=18319"}],"version-history":[{"count":29,"href":"https:\/\/laudiocomercial.com\/es\/wp-json\/wp\/v2\/pages\/18319\/revisions"}],"predecessor-version":[{"id":18369,"href":"https:\/\/laudiocomercial.com\/es\/wp-json\/wp\/v2\/pages\/18319\/revisions\/18369"}],"wp:attachment":[{"href":"https:\/\/laudiocomercial.com\/es\/wp-json\/wp\/v2\/media?parent=18319"}],"curies":[{"name":"wp","href":"https:\/\/api.w.org\/{rel}","templated":true}]}}