{"id":2059,"date":"2014-12-31T11:11:35","date_gmt":"2014-12-31T11:11:35","guid":{"rendered":"http:\/\/laudiocomercial.com\/?page_id=2059"},"modified":"2023-03-07T11:05:20","modified_gmt":"2023-03-07T10:05:20","slug":"sobre-nosotros","status":"publish","type":"page","link":"https:\/\/laudiocomercial.com\/es\/sobre-nosotros\/","title":{"rendered":"Sobre nosotros"},"content":{"rendered":"<section class=\"wpb-content-wrapper\"><p>[vc_row css_animation=\u00bb\u00bb row_type=\u00bbrow\u00bb use_row_as_full_screen_section=\u00bbno\u00bb type=\u00bbgrid\u00bb angled_section=\u00bbno\u00bb text_align=\u00bbleft\u00bb background_image_as_pattern=\u00bbwithout_pattern\u00bb padding_top=\u00bb50&#8243; padding_bottom=\u00bb25&#8243;][vc_column][vc_column_text]<\/p>\n<h3 style=\"text-align: left;\"><strong>PRESENTACI\u00d3N<\/strong><\/h3>\n<p>[\/vc_column_text][vc_separator type=\u00bbsmall\u00bb position=\u00bbleft\u00bb color=\u00bb#e52629&#8243; down=\u00bb30&#8243;][\/vc_column][\/vc_row][vc_row css_animation=\u00bb\u00bb row_type=\u00bbrow\u00bb use_row_as_full_screen_section=\u00bbno\u00bb type=\u00bbgrid\u00bb angled_section=\u00bbno\u00bb text_align=\u00bbleft\u00bb background_image_as_pattern=\u00bbwithout_pattern\u00bb padding_bottom=\u00bb50&#8243;][vc_column][vc_column_text]APILL, asociaci\u00f3n de peque\u00f1os industriales de Llodio, comenz\u00f3 su andadura en el a\u00f1o 1978. Naci\u00f3 en pleno auge de la industria laudioarra. En la actualidad contamos con 150 empresas asociadas, integradas principalmente en los sectores de comercio, hosteler\u00eda y servicios.<\/p>\n<p>&nbsp;<\/p>\n<p>A lo largo de estos a\u00f1os, la asociaci\u00f3n ha ido creciendo, moderniz\u00e1ndose y adapt\u00e1ndose a los cambios que se han producido en nuestro entorno.<\/p>\n<p>&nbsp;<\/p>\n<p><strong>L\u00edneas de trabajo de APILL:<\/strong><\/p>\n<ul>\n<li>Poner en valor el comercio urbano tradicional: profesionalidad, calidad, cercan\u00eda y sostenibilidad.<\/li>\n<li>Participamos activamente en la vida de Laudio a trav\u00e9s de la cooperaci\u00f3n con otras asociaciones y con iniciativas de cualquier \u00e1mbito: deporte, cultura, euskera, turismo y ocio.<\/li>\n<li>Dinamizaci\u00f3n y mejora de nuestro entorno urbano.<\/li>\n<li>Fomento de la actividad comercial y hostelera del municipio.<\/li>\n<li>Formaci\u00f3n de nuestras empresas.<\/li>\n<li>Informaci\u00f3n, asesoramiento y herramientas para mejorar la gesti\u00f3n de las empresas asociadas.<\/li>\n<li>Actuamos como interlocutor ante las diferentes administraciones.<\/li>\n<li>Digitalizaci\u00f3n y mejora de la gesti\u00f3n.<\/li>\n<\/ul>\n<p>[\/vc_column_text][\/vc_column][\/vc_row][vc_row css_animation=\u00bb\u00bb row_type=\u00bbrow\u00bb use_row_as_full_screen_section=\u00bbno\u00bb type=\u00bbgrid\u00bb angled_section=\u00bbno\u00bb text_align=\u00bbleft\u00bb background_image_as_pattern=\u00bbwithout_pattern\u00bb padding_top=\u00bb40&#8243; css=\u00bb.vc_custom_1493660107348{background-color: #ffffff !important;}\u00bb][vc_column][vc_column_text]<\/p>\n<h3 style=\"text-align: left;\"><strong>VALORES, MISI\u00d3N Y VISI\u00d3N<\/strong><\/h3>\n<p>[\/vc_column_text][vc_separator type=\u00bbsmall\u00bb position=\u00bbleft\u00bb color=\u00bb#e52629&#8243; down=\u00bb30&#8243;][\/vc_column][\/vc_row][vc_row css_animation=\u00bb\u00bb row_type=\u00bbrow\u00bb use_row_as_full_screen_section=\u00bbno\u00bb type=\u00bbgrid\u00bb angled_section=\u00bbno\u00bb text_align=\u00bbleft\u00bb background_image_as_pattern=\u00bbwithout_pattern\u00bb css=\u00bb.vc_custom_1493660015457{background-color: #ffffff !important;}\u00bb][vc_column][vc_column_text]<\/p>\n<p style=\"text-align: left;\"><strong>VALORES<\/strong><\/p>\n<p>[\/vc_column_text][vc_separator type=\u00bbtransparent\u00bb up=\u00bb25&#8243; down=\u00bb25&#8243;][\/vc_column][\/vc_row][vc_row css_animation=\u00bb\u00bb row_type=\u00bbrow\u00bb use_row_as_full_screen_section=\u00bbno\u00bb type=\u00bbgrid\u00bb angled_section=\u00bbno\u00bb text_align=\u00bbleft\u00bb background_image_as_pattern=\u00bbwithout_pattern\u00bb css=\u00bb.vc_custom_1493660023605{background-color: #ffffff !important;}\u00bb][vc_column width=\u00bb1\/3&#8243;]<div class='q_icon_with_title large normal_icon center '><div class=\"icon_holder \" style=\" \"><span data-icon-type=\"normal\"   style=\"\" class=\"qode_iwt_icon_holder q_font_awsome_icon fa-4x  \"><i class=\"qode_icon_font_awesome fa fa-compass qode_iwt_icon_element\" style=\"\" ><\/i><\/span><\/div><div class=\"icon_text_holder\" style=\"\"><div class=\"icon_text_inner\" style=\"\"><h5 class=\"icon_title\" style=\"font-weight: 600;\">Orientaci\u00f3n Personalizada<\/h5><p style=''><\/p><\/div><\/div><\/div>[\/vc_column][vc_column width=\u00bb1\/3&#8243;]<div class='q_icon_with_title large normal_icon center '><div class=\"icon_holder \" style=\" \"><span data-icon-type=\"normal\"   style=\"\" class=\"qode_iwt_icon_holder q_font_awsome_icon fa-4x  \"><i class=\"qode_icon_font_awesome fa fa-users qode_iwt_icon_element\" style=\"\" ><\/i><\/span><\/div><div class=\"icon_text_holder\" style=\"\"><div class=\"icon_text_inner\" style=\"\"><h5 class=\"icon_title\" style=\"font-weight: 600;\">Trabajo en Equipo<\/h5><p style=''><\/p><\/div><\/div><\/div>[\/vc_column][vc_column width=\u00bb1\/3&#8243;]<div class='q_icon_with_title large normal_icon center '><div class=\"icon_holder \" style=\" \"><span data-icon-type=\"normal\"   style=\"\" class=\"qode_iwt_icon_holder q_font_awsome_icon fa-4x  \"><i class=\"qode_icon_font_awesome fa fa-battery-full qode_iwt_icon_element\" style=\"\" ><\/i><\/span><\/div><div class=\"icon_text_holder\" style=\"\"><div class=\"icon_text_inner\" style=\"\"><h5 class=\"icon_title\" style=\"font-weight: 600;\">Autonom\u00eda<\/h5><p style=''><\/p><\/div><\/div><\/div>[\/vc_column][vc_column][vc_separator type=\u00bbtransparent\u00bb down=\u00bb25&#8243;][\/vc_column][\/vc_row][vc_row css_animation=\u00bb\u00bb row_type=\u00bbrow\u00bb use_row_as_full_screen_section=\u00bbno\u00bb type=\u00bbgrid\u00bb angled_section=\u00bbno\u00bb text_align=\u00bbleft\u00bb background_image_as_pattern=\u00bbwithout_pattern\u00bb css=\u00bb.vc_custom_1493660028563{background-color: #ffffff !important;}\u00bb][vc_column width=\u00bb1\/2&#8243;]<div class='q_icon_with_title large normal_icon center '><div class=\"icon_holder \" style=\" \"><span data-icon-type=\"normal\"   style=\"\" class=\"qode_iwt_icon_holder q_font_awsome_icon fa-4x  \"><i class=\"qode_icon_font_awesome fa fa-search qode_iwt_icon_element\" style=\"\" ><\/i><\/span><\/div><div class=\"icon_text_holder\" style=\"\"><div class=\"icon_text_inner\" style=\"\"><h5 class=\"icon_title\" style=\"font-weight: 600;\">Honestidad y Transparencia<\/h5><p style=''><\/p><\/div><\/div><\/div>[\/vc_column][vc_column width=\u00bb1\/2&#8243;]<div class='q_icon_with_title large normal_icon center '><div class=\"icon_holder \" style=\" \"><span data-icon-type=\"normal\"   style=\"\" class=\"qode_iwt_icon_holder q_font_awsome_icon fa-4x  \"><i class=\"qode_icon_font_awesome fa fa-check qode_iwt_icon_element\" style=\"\" ><\/i><\/span><\/div><div class=\"icon_text_holder\" style=\"\"><div class=\"icon_text_inner\" style=\"\"><h5 class=\"icon_title\" style=\"font-weight: 600;\">Compromiso y Responsabilidad<\/h5><p style=''><\/p><\/div><\/div><\/div>[\/vc_column][\/vc_row][vc_row css_animation=\u00bb\u00bb row_type=\u00bbrow\u00bb use_row_as_full_screen_section=\u00bbno\u00bb type=\u00bbgrid\u00bb angled_section=\u00bbno\u00bb text_align=\u00bbleft\u00bb background_image_as_pattern=\u00bbwithout_pattern\u00bb padding_bottom=\u00bb25&#8243; css=\u00bb.vc_custom_1493660032763{background-color: #ffffff !important;}\u00bb][vc_column][vc_separator type=\u00bbnormal\u00bb up=\u00bb25&#8243; down=\u00bb25&#8243;][vc_column_text]<strong>MISI\u00d3N<\/strong>[\/vc_column_text][vc_separator type=\u00bbtransparent\u00bb down=\u00bb25&#8243;][vc_column_text]<b>Defender los intereses del sector, prestando servicios y herramientas que posibiliten la profesionalizaci\u00f3n y competitividad de las empresas, fidelicen a las personas consumidoras locales y de su \u00e1rea de influencia y, todo ello, dentro de un proyecto de ciudad que favorezca la igualdad de mujeres y hombres.<\/b><\/p>\n<p>&nbsp;<\/p>\n<p>Para lograr esta <strong>Misi\u00f3n<\/strong> se requiere :<\/p>\n<ul>\n<li>La creaci\u00f3n del <strong>Centro Comercial Abierto<\/strong> de Llodio como modelo vertebrador del desarrollo comercial.<\/li>\n<li>Servicios adaptados a las necesidades de gesti\u00f3n de las empresas asociadas.<\/li>\n<li>Formaci\u00f3n permanente de los recursos humanos que integran la organizaci\u00f3n.<\/li>\n<li>Generar ventajas econ\u00f3micas a las empresas asociadas.<\/li>\n<li>Establecer acuerdos estrat\u00e9gicos de cooperaci\u00f3n comarcal.<\/li>\n<\/ul>\n<p>[\/vc_column_text][\/vc_column][\/vc_row][vc_row css_animation=\u00bb\u00bb row_type=\u00bbrow\u00bb use_row_as_full_screen_section=\u00bbno\u00bb type=\u00bbgrid\u00bb angled_section=\u00bbno\u00bb text_align=\u00bbleft\u00bb background_image_as_pattern=\u00bbwithout_pattern\u00bb padding_bottom=\u00bb50&#8243; css=\u00bb.vc_custom_1493660039944{background-color: #ffffff !important;}\u00bb][vc_column][vc_separator type=\u00bbnormal\u00bb up=\u00bb25&#8243; down=\u00bb25&#8243;][vc_column_text]<strong>VISI\u00d3N<\/strong>[\/vc_column_text][vc_separator type=\u00bbtransparent\u00bb down=\u00bb25&#8243;][vc_column_text]<strong>Coliderar con los agentes econ\u00f3micos, pol\u00edticos y sociales la creaci\u00f3n de un modelo de ciudad que satisfaga las necesidades de las microempresas, aportando, adem\u00e1s, bienestar social, igualdad de oportunidades para mujeres y hombres y calidad de vida a la ciudadan\u00eda de Laudio\/Llodio.<\/strong>[\/vc_column_text][\/vc_column][\/vc_row]<\/p>\n<\/section>","protected":false},"excerpt":{"rendered":"<p>[vc_row css_animation=\u00bb\u00bb row_type=\u00bbrow\u00bb use_row_as_full_screen_section=\u00bbno\u00bb type=\u00bbgrid\u00bb angled_section=\u00bbno\u00bb text_align=\u00bbleft\u00bb background_image_as_pattern=\u00bbwithout_pattern\u00bb padding_top=\u00bb50&#8243; padding_bottom=\u00bb25&#8243;][vc_column][vc_column_text] PRESENTACI\u00d3N [\/vc_column_text][vc_separator type=\u00bbsmall\u00bb position=\u00bbleft\u00bb color=\u00bb#e52629&#8243; down=\u00bb30&#8243;][\/vc_column][\/vc_row][vc_row css_animation=\u00bb\u00bb row_type=\u00bbrow\u00bb use_row_as_full_screen_section=\u00bbno\u00bb type=\u00bbgrid\u00bb angled_section=\u00bbno\u00bb text_align=\u00bbleft\u00bb background_image_as_pattern=\u00bbwithout_pattern\u00bb padding_bottom=\u00bb50&#8243;][vc_column][vc_column_text]APILL, asociaci\u00f3n&#8230;<\/p>\n","protected":false},"author":1,"featured_media":0,"parent":0,"menu_order":0,"comment_status":"open","ping_status":"open","template":"full_width.php","meta":{"_themeisle_gutenberg_block_has_review":false},"yoast_head":"<!-- This site is optimized with the Yoast SEO plugin v20.2.1 - https:\/\/yoast.com\/wordpress\/plugins\/seo\/ -->\n<title>Sobre nosotros - Apill | Llodio<\/title>\n<meta name=\"robots\" content=\"index, follow, max-snippet:-1, max-image-preview:large, max-video-preview:-1\" \/>\n<link rel=\"canonical\" href=\"https:\/\/laudiocomercial.com\/sobre-nosotros\/\" \/>\n<meta property=\"og:locale\" content=\"es_ES\" \/>\n<meta property=\"og:type\" content=\"article\" \/>\n<meta property=\"og:title\" content=\"Sobre nosotros - Apill | Llodio\" \/>\n<meta property=\"og:description\" content=\"[vc_row css_animation=\u00bb\u00bb row_type=\u00bbrow\u00bb use_row_as_full_screen_section=\u00bbno\u00bb type=\u00bbgrid\u00bb angled_section=\u00bbno\u00bb text_align=\u00bbleft\u00bb background_image_as_pattern=\u00bbwithout_pattern\u00bb padding_top=\u00bb50&#8243; padding_bottom=\u00bb25&#8243;][vc_column][vc_column_text] PRESENTACI\u00d3N [\/vc_column_text][vc_separator type=\u00bbsmall\u00bb position=\u00bbleft\u00bb color=\u00bb#e52629&#8243; down=\u00bb30&#8243;][\/vc_column][\/vc_row][vc_row css_animation=\u00bb\u00bb row_type=\u00bbrow\u00bb use_row_as_full_screen_section=\u00bbno\u00bb type=\u00bbgrid\u00bb angled_section=\u00bbno\u00bb text_align=\u00bbleft\u00bb background_image_as_pattern=\u00bbwithout_pattern\u00bb padding_bottom=\u00bb50&#8243;][vc_column][vc_column_text]APILL, asociaci\u00f3n...\" \/>\n<meta property=\"og:url\" content=\"https:\/\/laudiocomercial.com\/sobre-nosotros\/\" \/>\n<meta property=\"og:site_name\" content=\"Apill | Llodio\" \/>\n<meta property=\"article:modified_time\" content=\"2023-03-07T10:05:20+00:00\" \/>\n<meta name=\"twitter:label1\" content=\"Tiempo de lectura\" \/>\n\t<meta name=\"twitter:data1\" content=\"2 minutos\" \/>\n<script type=\"application\/ld+json\" class=\"yoast-schema-graph\">{\"@context\":\"https:\/\/schema.org\",\"@graph\":[{\"@type\":\"WebPage\",\"@id\":\"https:\/\/laudiocomercial.com\/sobre-nosotros\/\",\"url\":\"https:\/\/laudiocomercial.com\/sobre-nosotros\/\",\"name\":\"Sobre nosotros - Apill | Llodio\",\"isPartOf\":{\"@id\":\"https:\/\/laudiocomercial.com\/#website\"},\"datePublished\":\"2014-12-31T11:11:35+00:00\",\"dateModified\":\"2023-03-07T10:05:20+00:00\",\"breadcrumb\":{\"@id\":\"https:\/\/laudiocomercial.com\/sobre-nosotros\/#breadcrumb\"},\"inLanguage\":\"es\",\"potentialAction\":[{\"@type\":\"ReadAction\",\"target\":[\"https:\/\/laudiocomercial.com\/sobre-nosotros\/\"]}]},{\"@type\":\"BreadcrumbList\",\"@id\":\"https:\/\/laudiocomercial.com\/sobre-nosotros\/#breadcrumb\",\"itemListElement\":[{\"@type\":\"ListItem\",\"position\":1,\"name\":\"Portada\",\"item\":\"https:\/\/laudiocomercial.com\/\"},{\"@type\":\"ListItem\",\"position\":2,\"name\":\"Sobre nosotros\"}]},{\"@type\":\"WebSite\",\"@id\":\"https:\/\/laudiocomercial.com\/#website\",\"url\":\"https:\/\/laudiocomercial.com\/\",\"name\":\"Apill | Llodio\",\"description\":\"Comercio y Ocio\",\"potentialAction\":[{\"@type\":\"SearchAction\",\"target\":{\"@type\":\"EntryPoint\",\"urlTemplate\":\"https:\/\/laudiocomercial.com\/?s={search_term_string}\"},\"query-input\":\"required name=search_term_string\"}],\"inLanguage\":\"es\"}]}<\/script>\n<!-- \/ Yoast SEO plugin. -->","yoast_head_json":{"title":"Sobre nosotros - Apill | Llodio","robots":{"index":"index","follow":"follow","max-snippet":"max-snippet:-1","max-image-preview":"max-image-preview:large","max-video-preview":"max-video-preview:-1"},"canonical":"https:\/\/laudiocomercial.com\/sobre-nosotros\/","og_locale":"es_ES","og_type":"article","og_title":"Sobre nosotros - Apill | Llodio","og_description":"[vc_row css_animation=\u00bb\u00bb row_type=\u00bbrow\u00bb use_row_as_full_screen_section=\u00bbno\u00bb type=\u00bbgrid\u00bb angled_section=\u00bbno\u00bb text_align=\u00bbleft\u00bb background_image_as_pattern=\u00bbwithout_pattern\u00bb padding_top=\u00bb50&#8243; padding_bottom=\u00bb25&#8243;][vc_column][vc_column_text] PRESENTACI\u00d3N [\/vc_column_text][vc_separator type=\u00bbsmall\u00bb position=\u00bbleft\u00bb color=\u00bb#e52629&#8243; down=\u00bb30&#8243;][\/vc_column][\/vc_row][vc_row css_animation=\u00bb\u00bb row_type=\u00bbrow\u00bb use_row_as_full_screen_section=\u00bbno\u00bb type=\u00bbgrid\u00bb angled_section=\u00bbno\u00bb text_align=\u00bbleft\u00bb background_image_as_pattern=\u00bbwithout_pattern\u00bb padding_bottom=\u00bb50&#8243;][vc_column][vc_column_text]APILL, asociaci\u00f3n...","og_url":"https:\/\/laudiocomercial.com\/sobre-nosotros\/","og_site_name":"Apill | Llodio","article_modified_time":"2023-03-07T10:05:20+00:00","twitter_misc":{"Tiempo de lectura":"2 minutos"},"schema":{"@context":"https:\/\/schema.org","@graph":[{"@type":"WebPage","@id":"https:\/\/laudiocomercial.com\/sobre-nosotros\/","url":"https:\/\/laudiocomercial.com\/sobre-nosotros\/","name":"Sobre nosotros - Apill | Llodio","isPartOf":{"@id":"https:\/\/laudiocomercial.com\/#website"},"datePublished":"2014-12-31T11:11:35+00:00","dateModified":"2023-03-07T10:05:20+00:00","breadcrumb":{"@id":"https:\/\/laudiocomercial.com\/sobre-nosotros\/#breadcrumb"},"inLanguage":"es","potentialAction":[{"@type":"ReadAction","target":["https:\/\/laudiocomercial.com\/sobre-nosotros\/"]}]},{"@type":"BreadcrumbList","@id":"https:\/\/laudiocomercial.com\/sobre-nosotros\/#breadcrumb","itemListElement":[{"@type":"ListItem","position":1,"name":"Portada","item":"https:\/\/laudiocomercial.com\/"},{"@type":"ListItem","position":2,"name":"Sobre nosotros"}]},{"@type":"WebSite","@id":"https:\/\/laudiocomercial.com\/#website","url":"https:\/\/laudiocomercial.com\/","name":"Apill | Llodio","description":"Comercio y Ocio","potentialAction":[{"@type":"SearchAction","target":{"@type":"EntryPoint","urlTemplate":"https:\/\/laudiocomercial.com\/?s={search_term_string}"},"query-input":"required name=search_term_string"}],"inLanguage":"es"}]}},"_links":{"self":[{"href":"https:\/\/laudiocomercial.com\/es\/wp-json\/wp\/v2\/pages\/2059"}],"collection":[{"href":"https:\/\/laudiocomercial.com\/es\/wp-json\/wp\/v2\/pages"}],"about":[{"href":"https:\/\/laudiocomercial.com\/es\/wp-json\/wp\/v2\/types\/page"}],"author":[{"embeddable":true,"href":"https:\/\/laudiocomercial.com\/es\/wp-json\/wp\/v2\/users\/1"}],"replies":[{"embeddable":true,"href":"https:\/\/laudiocomercial.com\/es\/wp-json\/wp\/v2\/comments?post=2059"}],"version-history":[{"count":52,"href":"https:\/\/laudiocomercial.com\/es\/wp-json\/wp\/v2\/pages\/2059\/revisions"}],"predecessor-version":[{"id":18298,"href":"https:\/\/laudiocomercial.com\/es\/wp-json\/wp\/v2\/pages\/2059\/revisions\/18298"}],"wp:attachment":[{"href":"https:\/\/laudiocomercial.com\/es\/wp-json\/wp\/v2\/media?parent=2059"}],"curies":[{"name":"wp","href":"https:\/\/api.w.org\/{rel}","templated":true}]}}