{"id":2935,"date":"2015-02-13T10:54:19","date_gmt":"2015-02-13T10:54:19","guid":{"rendered":"http:\/\/laudiocomercial.com\/?page_id=2935"},"modified":"2025-11-13T12:50:31","modified_gmt":"2025-11-13T11:50:31","slug":"tca","status":"publish","type":"page","link":"https:\/\/laudiocomercial.com\/es\/tca\/","title":{"rendered":"LAUDIO TXARTELA: \u201cLA NUESTRA\u201d"},"content":{"rendered":"<section class=\"wpb-content-wrapper\"><p>[vc_row css_animation=\u00bb\u00bb row_type=\u00bbrow\u00bb use_row_as_full_screen_section=\u00bbno\u00bb type=\u00bbgrid\u00bb angled_section=\u00bbno\u00bb text_align=\u00bbleft\u00bb background_image_as_pattern=\u00bbwithout_pattern\u00bb padding_top=\u00bb50&#8243; padding_bottom=\u00bb25&#8243;][vc_column][vc_column_text]<\/p>\n<h3 style=\"text-align: left;\"><strong>VENTAJAS DE LA \u00abLAUDIO TXARTELA\u00bb<\/strong><\/h3>\n<p>[\/vc_column_text][vc_separator type=\u00bbsmall\u00bb position=\u00bbleft\u00bb color=\u00bb#e52629&#8243; down=\u00bb30&#8243;][\/vc_column][\/vc_row][vc_row css_animation=\u00bb\u00bb row_type=\u00bbrow\u00bb use_row_as_full_screen_section=\u00bbno\u00bb type=\u00bbgrid\u00bb angled_section=\u00bbno\u00bb text_align=\u00bbleft\u00bb background_image_as_pattern=\u00bbwithout_pattern\u00bb padding_bottom=\u00bb50&#8243;][vc_column][vc_column_text]<\/p>\n<ul>\n<li>Es una <strong>tarjeta GRATUITA:<\/strong> no conlleva ning\u00fan gasto adicional.<\/li>\n<li>Te permite <strong>pagar en 3 meses sin intereses<\/strong>.<\/li>\n<li><strong>No necesitas cambiar de banco<\/strong>: tus compras te las pasar\u00e1n a trav\u00e9s de la cuenta bancaria que nos indiques.<\/li>\n<li>Es\u00a0una <strong>VISA: <\/strong>Puedes utilizarla en los comercios de todo el mundo. Contar\u00e1s con seguros gratuitos.<\/li>\n<li>Tiene\u00a0muchas ventajas adicionales <span style=\"color: #3366ff;\"><span style=\"color: #000000;\">en los<\/span><\/span><a href=\"https:\/\/laudiocomercial.com\/wp-content\/uploads\/2025\/11\/LISTADO-TCA-ADHERIDOS-2025.pdf\" target=\"_blank\" rel=\"noopener\"><span style=\"color: #0000ff;\"> establecimientos adheridos<\/span><\/a><strong>:<\/strong>\u00a0<strong>DESCUENTOS, OFERTAS<\/strong>, <strong>SORTEOS&#8230;<\/strong><\/li>\n<li><strong>Descuento del 3% en carburantes<\/strong> (Avia Foronda, Avia Zurbano, Esasa en Vitoria-Gasteiz e Ibarrola en Amurrio).<\/li>\n<li>Recibir\u00e1s en\u00a0tu domicilio informaci\u00f3n puntual de los movimientos de tu TCA y las promociones en curso.<\/li>\n<\/ul>\n<p>[\/vc_column_text][\/vc_column][\/vc_row][vc_row css_animation=\u00bb\u00bb row_type=\u00bbrow\u00bb use_row_as_full_screen_section=\u00bbno\u00bb type=\u00bbgrid\u00bb angled_section=\u00bbno\u00bb text_align=\u00bbleft\u00bb background_image_as_pattern=\u00bbwithout_pattern\u00bb padding_bottom=\u00bb50&#8243;][vc_column][vc_column_text]<\/p>\n<blockquote><p><strong>UTIL\u00cdZALA EN EL COMERCIO ADHERIDO Y DISFRUTAR\u00c1S DE NUMEROSAS VENTAJAS<\/strong><\/p><\/blockquote>\n<p>En Laudio\/Llodio, contamos con 2.700 Tarjetas de Comercio de \u00c1lava y con 46 establecimientos en los que poder aprovechar todas sus ventajas.[\/vc_column_text][\/vc_column][\/vc_row][vc_row css_animation=\u00bb\u00bb row_type=\u00bbrow\u00bb use_row_as_full_screen_section=\u00bbno\u00bb type=\u00bbgrid\u00bb angled_section=\u00bbno\u00bb text_align=\u00bbleft\u00bb background_image_as_pattern=\u00bbwithout_pattern\u00bb padding_bottom=\u00bb50&#8243;][vc_column][vc_separator type=\u00bbnormal\u00bb up=\u00bb15&#8243; down=\u00bb15&#8243;][vc_column_text]<strong>\u00bfC\u00f3mo puedo conseguirla?<\/strong><\/p>\n<ol>\n<li>Imprime tu<strong>\u00a0<span style=\"color: #3366ff;\"><a style=\"color: #3366ff;\" href=\"http:\/\/laudiocomercial.com\/archivos\/solicitud_cuadriptico_tca_2018\" target=\"_blank\" rel=\"noopener noreferrer\">solicitud<\/a><\/span>\u00a0<\/strong>o rec\u00f3gela en APILL o en Caja Rural de Navarra (Av. Zumalakarregi, 38)<\/li>\n<li>Rell\u00e9nala con tus datos y entr\u00e9gala en Caja Rural de Navarra<\/li>\n<\/ol>\n<p>[\/vc_column_text][\/vc_column][\/vc_row][vc_row css_animation=\u00bb\u00bb row_type=\u00bbrow\u00bb use_row_as_full_screen_section=\u00bbno\u00bb type=\u00bbgrid\u00bb angled_section=\u00bbno\u00bb text_align=\u00bbleft\u00bb background_image_as_pattern=\u00bbwithout_pattern\u00bb padding_top=\u00bb40&#8243; css=\u00bb.vc_custom_1493660107348{background-color: #ffffff !important;}\u00bb][vc_column][vc_column_text]<\/p>\n<h3 style=\"text-align: left;\"><strong>PROYECTO FIDELIZACI\u00d3N TCA-LAUDIO TXARTELA<\/strong><\/h3>\n<p>[\/vc_column_text][vc_separator type=\u00bbsmall\u00bb position=\u00bbleft\u00bb color=\u00bb#e52629&#8243; down=\u00bb30&#8243;][\/vc_column][\/vc_row][vc_row css_animation=\u00bb\u00bb row_type=\u00bbrow\u00bb use_row_as_full_screen_section=\u00bbno\u00bb type=\u00bbgrid\u00bb angled_section=\u00bbno\u00bb text_align=\u00bbleft\u00bb background_image_as_pattern=\u00bbwithout_pattern\u00bb padding_bottom=\u00bb50&#8243; css=\u00bb.vc_custom_1493660039944{background-color: #ffffff !important;}\u00bb][vc_column][vc_column_text]<strong>La TARJETA COMERCIO<\/strong><strong> DE<\/strong><strong> \u00c1LAVA (TCA) <\/strong>es una iniciativa impulsada por la Federaci\u00f3n Alavesa de Comercio y Servicios en colaboraci\u00f3n con las asociaciones de comercio locales de APILL, APYMCA y AEME, que busca fidelizar al cliente, ofreci\u00e9ndole ventajas que incentiven su consumo en el comercio local.<\/p>\n<p>&nbsp;<\/p>\n<blockquote><p><em>\u201cComprando en el comercio local, ganas t\u00fa, ganamos todos\u201d<\/em><\/p>\n<p>&nbsp;<\/p><\/blockquote>\n<p><strong>El proyecto de fidelizaci\u00f3n:<\/strong> cada vez que se realice una compra pagando con la TCA en alguno de los establecimientos adheridos de Laudio\/Llodio se acumular\u00e1 un descuento del 2, 5 \u00f3 10% del importe de la compra para descontar autom\u00e1ticamente en la siguiente compra en el mismo establecimiento.<\/p>\n<p>&nbsp;<\/p>\n<p><strong>Ejemplo<\/strong>: <em>si realizas una compra de 50 \u20ac en un establecimiento que ofrece un 10% de descuento, acumular\u00e1s 5 \u20ac de descuento \u00a0para tu pr\u00f3xima compra en ese establecimiento. Adem\u00e1s, <strong>podr\u00e1s beneficiarte de este descuento en cualquier \u00e9poca del a\u00f1o<\/strong>.<\/em><\/p>\n<p>&nbsp;<\/p>\n<p>Para ver\u00a0el <strong>listado de establecimientos adheridos al proyecto de fidelizaci\u00f3n en Llodio\/Laudio<\/strong>, pincha <a href=\"https:\/\/laudiocomercial.com\/wp-content\/uploads\/2025\/11\/LISTADO-FIDELIZACION-TCA-2025.pdf\" target=\"_blank\" rel=\"noopener noreferrer\"><strong><span style=\"color: #3366ff;\"><span style=\"text-decoration: underline;\">aqu\u00ed<\/span><\/span><\/strong><\/a>.<\/p>\n<p>Todos ellos estar\u00e1n se\u00f1alizados con un distintivo.[\/vc_column_text][vc_separator type=\u00bbtransparent\u00bb up=\u00bb50&#8243; down=\u00bb30&#8243;][vc_single_image image=\u00bb16525&#8243; img_size=\u00bbmedium\u00bb qode_css_animation=\u00bb\u00bb][\/vc_column][\/vc_row]<\/p>\n<\/section>","protected":false},"excerpt":{"rendered":"<p>[vc_row css_animation=\u00bb\u00bb row_type=\u00bbrow\u00bb use_row_as_full_screen_section=\u00bbno\u00bb type=\u00bbgrid\u00bb angled_section=\u00bbno\u00bb text_align=\u00bbleft\u00bb background_image_as_pattern=\u00bbwithout_pattern\u00bb padding_top=\u00bb50&#8243; padding_bottom=\u00bb25&#8243;][vc_column][vc_column_text] VENTAJAS DE LA \u00abLAUDIO TXARTELA\u00bb [\/vc_column_text][vc_separator type=\u00bbsmall\u00bb position=\u00bbleft\u00bb color=\u00bb#e52629&#8243; down=\u00bb30&#8243;][\/vc_column][\/vc_row][vc_row css_animation=\u00bb\u00bb row_type=\u00bbrow\u00bb use_row_as_full_screen_section=\u00bbno\u00bb type=\u00bbgrid\u00bb angled_section=\u00bbno\u00bb&#8230;<\/p>\n","protected":false},"author":1,"featured_media":0,"parent":0,"menu_order":0,"comment_status":"open","ping_status":"open","template":"full_width.php","meta":{"_themeisle_gutenberg_block_has_review":false},"yoast_head":"<!-- This site is optimized with the Yoast SEO plugin v20.2.1 - https:\/\/yoast.com\/wordpress\/plugins\/seo\/ -->\n<title>LAUDIO TXARTELA: \u201cLA NUESTRA\u201d - Apill | Llodio<\/title>\n<meta name=\"robots\" content=\"index, follow, max-snippet:-1, max-image-preview:large, max-video-preview:-1\" \/>\n<link rel=\"canonical\" href=\"https:\/\/laudiocomercial.com\/tca\/\" \/>\n<meta property=\"og:locale\" content=\"es_ES\" \/>\n<meta property=\"og:type\" content=\"article\" \/>\n<meta property=\"og:title\" content=\"LAUDIO TXARTELA: \u201cLA NUESTRA\u201d - Apill | Llodio\" \/>\n<meta property=\"og:description\" content=\"[vc_row css_animation=\u00bb\u00bb row_type=\u00bbrow\u00bb use_row_as_full_screen_section=\u00bbno\u00bb type=\u00bbgrid\u00bb angled_section=\u00bbno\u00bb text_align=\u00bbleft\u00bb background_image_as_pattern=\u00bbwithout_pattern\u00bb padding_top=\u00bb50&#8243; padding_bottom=\u00bb25&#8243;][vc_column][vc_column_text] VENTAJAS DE LA \u00abLAUDIO TXARTELA\u00bb [\/vc_column_text][vc_separator type=\u00bbsmall\u00bb position=\u00bbleft\u00bb color=\u00bb#e52629&#8243; down=\u00bb30&#8243;][\/vc_column][\/vc_row][vc_row css_animation=\u00bb\u00bb row_type=\u00bbrow\u00bb use_row_as_full_screen_section=\u00bbno\u00bb type=\u00bbgrid\u00bb angled_section=\u00bbno\u00bb...\" \/>\n<meta property=\"og:url\" content=\"https:\/\/laudiocomercial.com\/tca\/\" \/>\n<meta property=\"og:site_name\" content=\"Apill | Llodio\" \/>\n<meta property=\"article:modified_time\" content=\"2025-11-13T11:50:31+00:00\" \/>\n<meta name=\"twitter:label1\" content=\"Tiempo de lectura\" \/>\n\t<meta name=\"twitter:data1\" content=\"2 minutos\" \/>\n<script type=\"application\/ld+json\" class=\"yoast-schema-graph\">{\"@context\":\"https:\/\/schema.org\",\"@graph\":[{\"@type\":\"WebPage\",\"@id\":\"https:\/\/laudiocomercial.com\/tca\/\",\"url\":\"https:\/\/laudiocomercial.com\/tca\/\",\"name\":\"LAUDIO TXARTELA: \u201cLA NUESTRA\u201d - Apill | Llodio\",\"isPartOf\":{\"@id\":\"https:\/\/laudiocomercial.com\/#website\"},\"datePublished\":\"2015-02-13T10:54:19+00:00\",\"dateModified\":\"2025-11-13T11:50:31+00:00\",\"breadcrumb\":{\"@id\":\"https:\/\/laudiocomercial.com\/tca\/#breadcrumb\"},\"inLanguage\":\"es\",\"potentialAction\":[{\"@type\":\"ReadAction\",\"target\":[\"https:\/\/laudiocomercial.com\/tca\/\"]}]},{\"@type\":\"BreadcrumbList\",\"@id\":\"https:\/\/laudiocomercial.com\/tca\/#breadcrumb\",\"itemListElement\":[{\"@type\":\"ListItem\",\"position\":1,\"name\":\"Portada\",\"item\":\"https:\/\/laudiocomercial.com\/\"},{\"@type\":\"ListItem\",\"position\":2,\"name\":\"LAUDIO TXARTELA: \u201cLA NUESTRA\u201d\"}]},{\"@type\":\"WebSite\",\"@id\":\"https:\/\/laudiocomercial.com\/#website\",\"url\":\"https:\/\/laudiocomercial.com\/\",\"name\":\"Apill | Llodio\",\"description\":\"Comercio y Ocio\",\"potentialAction\":[{\"@type\":\"SearchAction\",\"target\":{\"@type\":\"EntryPoint\",\"urlTemplate\":\"https:\/\/laudiocomercial.com\/?s={search_term_string}\"},\"query-input\":\"required name=search_term_string\"}],\"inLanguage\":\"es\"}]}<\/script>\n<!-- \/ Yoast SEO plugin. -->","yoast_head_json":{"title":"LAUDIO TXARTELA: \u201cLA NUESTRA\u201d - Apill | Llodio","robots":{"index":"index","follow":"follow","max-snippet":"max-snippet:-1","max-image-preview":"max-image-preview:large","max-video-preview":"max-video-preview:-1"},"canonical":"https:\/\/laudiocomercial.com\/tca\/","og_locale":"es_ES","og_type":"article","og_title":"LAUDIO TXARTELA: \u201cLA NUESTRA\u201d - Apill | Llodio","og_description":"[vc_row css_animation=\u00bb\u00bb row_type=\u00bbrow\u00bb use_row_as_full_screen_section=\u00bbno\u00bb type=\u00bbgrid\u00bb angled_section=\u00bbno\u00bb text_align=\u00bbleft\u00bb background_image_as_pattern=\u00bbwithout_pattern\u00bb padding_top=\u00bb50&#8243; padding_bottom=\u00bb25&#8243;][vc_column][vc_column_text] VENTAJAS DE LA \u00abLAUDIO TXARTELA\u00bb [\/vc_column_text][vc_separator type=\u00bbsmall\u00bb position=\u00bbleft\u00bb color=\u00bb#e52629&#8243; down=\u00bb30&#8243;][\/vc_column][\/vc_row][vc_row css_animation=\u00bb\u00bb row_type=\u00bbrow\u00bb use_row_as_full_screen_section=\u00bbno\u00bb type=\u00bbgrid\u00bb angled_section=\u00bbno\u00bb...","og_url":"https:\/\/laudiocomercial.com\/tca\/","og_site_name":"Apill | Llodio","article_modified_time":"2025-11-13T11:50:31+00:00","twitter_misc":{"Tiempo de lectura":"2 minutos"},"schema":{"@context":"https:\/\/schema.org","@graph":[{"@type":"WebPage","@id":"https:\/\/laudiocomercial.com\/tca\/","url":"https:\/\/laudiocomercial.com\/tca\/","name":"LAUDIO TXARTELA: \u201cLA NUESTRA\u201d - Apill | Llodio","isPartOf":{"@id":"https:\/\/laudiocomercial.com\/#website"},"datePublished":"2015-02-13T10:54:19+00:00","dateModified":"2025-11-13T11:50:31+00:00","breadcrumb":{"@id":"https:\/\/laudiocomercial.com\/tca\/#breadcrumb"},"inLanguage":"es","potentialAction":[{"@type":"ReadAction","target":["https:\/\/laudiocomercial.com\/tca\/"]}]},{"@type":"BreadcrumbList","@id":"https:\/\/laudiocomercial.com\/tca\/#breadcrumb","itemListElement":[{"@type":"ListItem","position":1,"name":"Portada","item":"https:\/\/laudiocomercial.com\/"},{"@type":"ListItem","position":2,"name":"LAUDIO TXARTELA: \u201cLA NUESTRA\u201d"}]},{"@type":"WebSite","@id":"https:\/\/laudiocomercial.com\/#website","url":"https:\/\/laudiocomercial.com\/","name":"Apill | Llodio","description":"Comercio y Ocio","potentialAction":[{"@type":"SearchAction","target":{"@type":"EntryPoint","urlTemplate":"https:\/\/laudiocomercial.com\/?s={search_term_string}"},"query-input":"required name=search_term_string"}],"inLanguage":"es"}]}},"_links":{"self":[{"href":"https:\/\/laudiocomercial.com\/es\/wp-json\/wp\/v2\/pages\/2935"}],"collection":[{"href":"https:\/\/laudiocomercial.com\/es\/wp-json\/wp\/v2\/pages"}],"about":[{"href":"https:\/\/laudiocomercial.com\/es\/wp-json\/wp\/v2\/types\/page"}],"author":[{"embeddable":true,"href":"https:\/\/laudiocomercial.com\/es\/wp-json\/wp\/v2\/users\/1"}],"replies":[{"embeddable":true,"href":"https:\/\/laudiocomercial.com\/es\/wp-json\/wp\/v2\/comments?post=2935"}],"version-history":[{"count":106,"href":"https:\/\/laudiocomercial.com\/es\/wp-json\/wp\/v2\/pages\/2935\/revisions"}],"predecessor-version":[{"id":19316,"href":"https:\/\/laudiocomercial.com\/es\/wp-json\/wp\/v2\/pages\/2935\/revisions\/19316"}],"wp:attachment":[{"href":"https:\/\/laudiocomercial.com\/es\/wp-json\/wp\/v2\/media?parent=2935"}],"curies":[{"name":"wp","href":"https:\/\/api.w.org\/{rel}","templated":true}]}}